{"id":1661,"date":"2018-04-18T09:03:01","date_gmt":"2018-04-18T09:03:01","guid":{"rendered":"https:\/\/www.maison-des-vins.fr\/mentions-legales\/"},"modified":"2020-11-19T21:01:18","modified_gmt":"2020-11-19T21:01:18","slug":"mentions-legales","status":"publish","type":"page","link":"https:\/\/www.maison-des-vins.fr\/en\/mentions-legales\/","title":{"rendered":"Mentions l\u00e9gales"},"content":{"rendered":"<p>[et_pb_section fb_built=&#8221;1&#8243; _builder_version=&#8221;3.22&#8243;][et_pb_row _builder_version=&#8221;3.25&#8243; background_size=&#8221;initial&#8221; background_position=&#8221;top_left&#8221; background_repeat=&#8221;repeat&#8221;][et_pb_column type=&#8221;4_4&#8243; _builder_version=&#8221;3.25&#8243; custom_padding=&#8221;|||&#8221; custom_padding__hover=&#8221;|||&#8221;][et_pb_text _builder_version=&#8221;4.7.3&#8243; hover_enabled=&#8221;0&#8243; sticky_enabled=&#8221;0&#8243;]<\/p>\n<h2 style=\"text-align: center;\">MENTIONS L\u00c9GALES<\/h2>\n<h3 style=\"text-align: left;\"><em><strong>Propri\u00e9t\u00e9s<\/strong><\/em><\/h3>\n<p>Le site internet www.maison-des-vins.fr est la propri\u00e9t\u00e9 de Syndicat des Vins C\u00f4tes de Provence \/ Maison des vins C\u00f4tes de Provence dont le si\u00e8ge est en France, Maison des Vins RDN7 &#8211; 83460 Les Arcs-sur-Argens<br \/>\nLe directeur de la publication du site web est le Pr\u00e9sident du Syndicat des Vins C\u00f4tes de Provence \/ Maison des vins C\u00f4tes de Provence, Monsieur Eric PASTORINO<br \/>\nLe site est h\u00e9berg\u00e9 par :<\/p>\n<p style=\"text-align: center;\">taikA<br \/>\nTechnopole Var Matin<br \/>\n83190 OLLIOULES<br \/>\nT\u00e9l : 04 22 14 58 30<br \/>\n<a href=\"https:\/\/taika.fr\" alt=\"Agence Web &#038; Communication Digitale\">taika.fr<\/a><\/p>\n<p>La structure g\u00e9n\u00e9rale, ainsi que les textes, images anim\u00e9es ou fixes, sons, graphismes, documents t\u00e9l\u00e9chargeables, bases de donn\u00e9es et tout autre \u00e9l\u00e9ment con\u00e7us pour le Syndicat des Vins C\u00f4tes de Provence \/ Maison des vins C\u00f4tes de Provence et composant le site sont la propri\u00e9t\u00e9 exclusive du Syndicat des Vins C\u00f4tes de Provence \/ Maison des vins C\u00f4tes de Provence.<\/p>\n<p>Toutes les informations, iconographies, photos, vid\u00e9os, affiches, logos des partenaires pr\u00e9sents sur le site de la Maison des vins C\u00f4tes de Provence demeurent leur propri\u00e9t\u00e9 respective et ne sauraient \u00eatre utilis\u00e9s ou reproduits sans leur autorisation pr\u00e9alable.<br \/>\nL&#8217;ensemble de ce site rel\u00e8ve de la l\u00e9gislation fran\u00e7aise et internationale sur les droits d&#8217;auteur et de la propri\u00e9t\u00e9 intellectuelle. Les noms, marques et enseignes cit\u00e9s sur ce site sont la propri\u00e9t\u00e9 de leurs d\u00e9posants respectifs. Toute utilisation ou reproduction, totale ou partielle, du site, des \u00e9l\u00e9ments qui le composent et\/ou des informations qui y figurent, par quelque proc\u00e9d\u00e9 que ce soit, constitue une contrefa\u00e7on sanctionn\u00e9e par le Code de la propri\u00e9t\u00e9 intellectuelle.<\/p>\n<p>Toutefois, les informations propres \u00e0 ce site peuvent \u00eatre utilis\u00e9es par des tiers dans les conditions suivantes : toutes les informations diffus\u00e9es directement sur le site par le Syndicat des Vins C\u00f4tes de Provence \/ Maison des vins C\u00f4tes de Provence et concernant uniquement le Syndicat des Vins C\u00f4tes de Provence \/ Maison des vins C\u00f4tes de Provence, pourront \u00eatre reproduites, repr\u00e9sent\u00e9es ou rediffus\u00e9es par des tiers apr\u00e8s une autorisation pr\u00e9alablement obtenue aupr\u00e8s du Syndicat des Vins C\u00f4tes de Provence \/ Maison des vins C\u00f4tes de Provence et \u00e0 condition d&#8217;en mentionner la source. Elles ne pourront toutefois pas \u00eatre utilis\u00e9es \u00e0 des fins commerciales et publicitaires.<\/p>\n<p>Le Syndicat des Vins C\u00f4tes de Provence \/ Maison des vins C\u00f4tes de Provence se r\u00e9serve la possibilit\u00e9, \u00e0 tout moment, sans pr\u00e9avis et sans avoir \u00e0 motiver sa d\u00e9cision, d&#8217;interdire aux tiers concern\u00e9s l&#8217;utilisation des informations telles que d\u00e9finies ci-avant. Dans ce cas, elle informera la personne concern\u00e9e qui disposera de 8 jours ouvr\u00e9s pour mettre fin \u00e0 ses pratiques.<\/p>\n<p>Le nom du Syndicat des Vins C\u00f4tes de Provence \/ Maison des vins C\u00f4tes de Provence et son logo sont la propri\u00e9t\u00e9 exclusive du Syndicat des Vins C\u00f4tes de Provence \/ Maison des vins C\u00f4tes de Provence. Tous les noms et logos des partenaires pr\u00e9sents sur le site appartiennent \u00e0 leurs propri\u00e9taires respectifs.<\/p>\n<h3><em><strong>Conception, r\u00e9daction, coordination &#8211; Cr\u00e9ation graphique &#8211; d\u00e9veloppement<\/strong><\/em><\/h3>\n<p><em><strong>Conception &#8211; R\u00e9daction &#8211; Coordination :<\/strong> <\/em><br \/>\nMAISON DES VINS C\u00d4TES DE PROVENCE &#8211; 04.94.99.50.20<\/p>\n<p><em><strong>Cr\u00e9ation graphique &#8211; Ex\u00e9cution :<\/strong> <\/em><br \/>\ntaikA &#8211; Technopole Var Matin 83190 Ollioules<\/p>\n<p><em><strong>Int\u00e9gration &#8211; D\u00e9veloppement :<\/strong> <\/em><br \/>\ntaikA &#8211; Technopole Var Matin 83190 Ollioules<\/p>\n<h3><em><strong>Cr\u00e9dits contenus :<\/strong><\/em><\/h3>\n<p>Cr\u00e9dits photo \/ graphisme :<br \/>\nMaison des vins C\u00f4tes de Provence &#8211; Fran\u00e7ois Millo &#8211; taikA<br \/>\nInformations nominatives<\/p>\n<p style=\"text-align: center;\">Maison des vins C\u00f4tes de Provence<br \/>\nRoute nationale 7<br \/>\n83 460 LES ARCS SUR ARGENS<br \/>\n04.94.99.50.20 \u2013 <a href=\"mailto:contact@maison-des-vins.fr\" target=\"_blank\" rel=\"noopener noreferrer\">contact@maison-des-vins.fr<\/a><\/p>\n<p>Le site www.maison-des-vins.fr, tel qu&#8217;il a \u00e9t\u00e9 initialement con\u00e7u, n&#8217;a pas pour vocation de collecter de donn\u00e9es personnelles sur ses visiteurs. Il se peut toutefois qu&#8217;il soit amen\u00e9 \u00e0 le faire de mani\u00e8re accessoire, notamment pour leur adresser une lettre d&#8217;informations un questionnaire, pour la r\u00e9alisation d&#8217;\u00e9tudes statistiques ou pour r\u00e9pondre \u00e0 des questions directement pos\u00e9es \u00e0 l&#8217;administrateur du site.<br \/>\nDans ce cas, le Syndicat des Vins C\u00f4tes de Provence s&#8217;engage \u00e0 ne pas faire usage commercial des donn\u00e9es.<br \/>\nLorsque l\u2019utilisateur est amen\u00e9 \u00e0 laisser son adresse (e-mail \/ postale), il est tenu de laisser une adresse exacte et non une adresse de tiers.<\/p>\n<p>Les donn\u00e9es collect\u00e9es ne sont destin\u00e9es qu&#8217;\u00e0 l&#8217;usage propre du Syndicat des Vins C\u00f4tes de Provence \/ Maison des vins C\u00f4tes de Provence et \u00e0 celui de ses sous-traitants dans l&#8217;exercice de leurs missions (l&#8217;h\u00e9bergeur du site notamment). Ainsi, tout sous-traitant amen\u00e9, \u00e0 cette occasion, \u00e0 prendre connaissance de ces donn\u00e9es sera soumis \u00e0 une obligation de confidentialit\u00e9. Il devra notamment s&#8217;interdire d&#8217;utiliser pour son propre compte ou encore de communiquer \u00e0 des tiers tout ou partie de ces donn\u00e9es personnelles.<\/p>\n<h3><em><strong>Droit d&#8217;acc\u00e8s et de rectification<\/strong><\/em><\/h3>\n<p>Dans ce site, les internautes peuvent \u00eatre amen\u00e9s \u00e0 communiquer des donn\u00e9es personnelles susceptibles de faire l\u2019objet de traitements automatis\u00e9s.<br \/>\nConform\u00e9ment \u00e0 la loi \u00ab informatique et libert\u00e9s \u00bb du 6 janvier 1978 modifi\u00e9e en 2004, les personnes \u00e0 propos desquelles des donn\u00e9es personnelles sont collect\u00e9es b\u00e9n\u00e9ficient d\u2019un droit d\u2019acc\u00e8s et de rectification aux informations qui les concernent et qu\u2019ils peuvent exercer en s\u2019adressant par courrier \u00e0 l&#8217;adresse suivante :<\/p>\n<p style=\"text-align: center;\">Syndicat des Vins C\u00f4tes de Provence<br \/>\nMaison des Vins<br \/>\nRDN7<br \/>\n83460 Les Arcs-sur-Argens<\/p>\n<p>Ils peuvent \u00e9galement, pour des motifs l\u00e9gitimes, s\u2019opposer au traitement des donn\u00e9es les concernant.<\/p>\n<h3><em><strong>Liens hypertextes<\/strong><\/em><\/h3>\n<p>Le Syndicat des Vins C\u00f4tes de Provence \/ Maison des vins C\u00f4tes de Provence peut autoriser un site Internet \u00e0 \u00e9tablir un lien pointant vers l&#8217;adresse www.maison-des-vins.fr apr\u00e8s une simple autorisation pr\u00e9alablement obtenue aupr\u00e8s du Syndicat des Vins C\u00f4tes de Provence \/ Maison des vins C\u00f4tes de Provence. Tout lien de ce type interviendra toutefois sous r\u00e9serve des dispositions l\u00e9gales en vigueur. Le Syndicat des Vins C\u00f4tes de Provence \/ Maison des vins C\u00f4tes de Provence se r\u00e9serve la possibilit\u00e9, \u00e0 tout moment, sans pr\u00e9avis et sans avoir \u00e0 motiver sa d\u00e9cision, d&#8217;interdire ces liens. Dans ce cas il informera la personne concern\u00e9e qui disposera de 2 jours ouvr\u00e9s pour mettre fin au lien.<\/p>\n<h3><em><strong>Sites li\u00e9s<\/strong><\/em><\/h3>\n<p>Le Syndicat des Vins C\u00f4tes de Provence \/ Maison des vins C\u00f4tes de Provence d\u00e9cline toute responsabilit\u00e9 concernant le contenu disponible sur les autres sites internet vers lesquels il a cr\u00e9\u00e9 des liens ou qui auraient pu \u00eatre cr\u00e9\u00e9s \u00e0 son insu. L\u2019acc\u00e8s \u00e0 tous les autres sites internet li\u00e9s \u00e0 ce site web se fait aux risques de l\u2019utilisateur.<br \/>\nLe Syndicat des Vins C\u00f4tes de Provence \/ Maison des vins C\u00f4tes de Provence d\u00e9cline aussi toute responsabilit\u00e9 pour toutes les informations contenues sur des sites tiers o\u00f9 figurent des liens renvoyant au site www.maison-des-vins.fr<\/p>\n<h3><em><strong>Informations sur les cookies<\/strong><\/em><\/h3>\n<p>L\u2019utilisateur est inform\u00e9 que lors de ses visites sur le site un \u00ab cookie \u00bb peut s\u2019installer automatiquement sur son logiciel de navigation. Un \u00ab cookie \u00bb est un bloc de donn\u00e9es qui ne permet pas d\u2019identifier l\u2019utilisateur mais qui sert \u00e0 enregistrer des informations relatives \u00e0 la navigation de celui-ci sur le site.<br \/>\nCe proc\u00e9d\u00e9 est destin\u00e9 \u00e0 permettre au Syndicat des Vins C\u00f4tes de Provence \/ Maison des vins C\u00f4tes de Provence de suivre les internautes au fil de leur navigation sur le site www.maison-des-vins.fr afin de pouvoir mieux r\u00e9pondre \u00e0 leurs attentes et leurs besoins.<br \/>\nL\u2019utilisateur peut cependant s\u2019opposer \u00e0 la mise en place de \u00ab cookies \u00bb en d\u00e9sactivant cette option dans les param\u00e8tres de son navigateur.<\/p>\n<h3><em><strong>Interdiction de mirroring<\/strong><\/em><\/h3>\n<p>Le site du Syndicat des Vins C\u00f4tes de Provence \/ Maison des vins C\u00f4tes de Provence est accessible par son URL maison-des-vins.fr.<br \/>\nAucune mise en ligne du site par un tiers sous une autre URL n&#8217;est autoris\u00e9e.<\/p>\n<h3><em><strong>Dysfonctionnement et virus<\/strong><\/em><\/h3>\n<p>Le Syndicat des Vins C\u00f4tes de Provence \/ Maison des vins C\u00f4tes de Provence ne pourra \u00eatre tenu responsable des dommages directs ou indirects r\u00e9sultant de l\u2019utilisation de ce site web, ou de l\u2019impossibilit\u00e9 pour un tiers de l\u2019utiliser, ou d\u2019un mauvais fonctionnement, d\u2019une interruption, d\u2019un virus, r\u00e9sultant de l\u2019acc\u00e8s ou de l\u2019utilisation de ce site ou de tous sites qui lui sont li\u00e9s.<\/p>\n<h3><em><strong>Droit applicable<\/strong><\/em><\/h3>\n<p>Les utilisateurs du site web maison-des-vins.fr sont tenus de respecter les dispositions de la loi relative \u00e0 l\u2019informatique, aux fichiers et aux libert\u00e9s, dont la violation est passible de sanctions p\u00e9nales.<br \/>\nLes utilisateurs du site reconnaissent avoir accept\u00e9 les conditions d\u2019utilisation, d\u00e9crites ci-dessus.<br \/>\nCes conditions peuvent \u00eatre amen\u00e9es \u00e0 changer \u00e0 la discr\u00e9tion du propri\u00e9taire, notamment s\u2019il s\u2019av\u00e8re que l\u2019une ou plusieurs d\u2019entre elles sont invalides ou invalid\u00e9es par une \u00e9volution des lois applicables.<br \/>\nCes conditions d\u2019utilisation sont r\u00e9gies, interpr\u00e9t\u00e9es et appliqu\u00e9es conform\u00e9ment au droit fran\u00e7ais. En cas de litige, les tribunaux fran\u00e7ais seront seuls comp\u00e9tents.<br \/>\n[\/et_pb_text][\/et_pb_column][\/et_pb_row][\/et_pb_section]<\/p>\n","protected":false},"excerpt":{"rendered":"<p>MENTIONS L\u00c9GALES Propri\u00e9t\u00e9s Le site internet www.maison-des-vins.fr est la propri\u00e9t\u00e9 de Syndicat des Vins C\u00f4tes de Provence \/ Maison des vins C\u00f4tes de Provence dont le si\u00e8ge est en France, Maison des Vins RDN7 &#8211; 83460 Les Arcs-sur-Argens Le directeur de la publication du site web est le Pr\u00e9sident du Syndicat des Vins C\u00f4tes de [&hellip;]<\/p>\n","protected":false},"author":1,"featured_media":0,"parent":0,"menu_order":0,"comment_status":"closed","ping_status":"closed","template":"","meta":{"_acf_changed":false,"_et_pb_use_builder":"on","_et_pb_old_content":"","_et_gb_content_width":"","footnotes":""},"class_list":["post-1661","page","type-page","status-publish","hentry"],"acf":[],"_links":{"self":[{"href":"https:\/\/www.maison-des-vins.fr\/en\/wp-json\/wp\/v2\/pages\/1661","targetHints":{"allow":["GET"]}}],"collection":[{"href":"https:\/\/www.maison-des-vins.fr\/en\/wp-json\/wp\/v2\/pages"}],"about":[{"href":"https:\/\/www.maison-des-vins.fr\/en\/wp-json\/wp\/v2\/types\/page"}],"author":[{"embeddable":true,"href":"https:\/\/www.maison-des-vins.fr\/en\/wp-json\/wp\/v2\/users\/1"}],"replies":[{"embeddable":true,"href":"https:\/\/www.maison-des-vins.fr\/en\/wp-json\/wp\/v2\/comments?post=1661"}],"version-history":[{"count":1,"href":"https:\/\/www.maison-des-vins.fr\/en\/wp-json\/wp\/v2\/pages\/1661\/revisions"}],"predecessor-version":[{"id":2813,"href":"https:\/\/www.maison-des-vins.fr\/en\/wp-json\/wp\/v2\/pages\/1661\/revisions\/2813"}],"wp:attachment":[{"href":"https:\/\/www.maison-des-vins.fr\/en\/wp-json\/wp\/v2\/media?parent=1661"}],"curies":[{"name":"wp","href":"https:\/\/api.w.org\/{rel}","templated":true}]}}