{"id":1659,"date":"2018-03-01T13:33:50","date_gmt":"2018-03-01T13:33:50","guid":{"rendered":"https:\/\/www.maison-des-vins.fr\/maison-des-vins\/"},"modified":"2018-11-27T14:17:35","modified_gmt":"2018-11-27T14:17:35","slug":"maison-des-vins","status":"publish","type":"page","link":"https:\/\/www.maison-des-vins.fr\/en\/maison-des-vins\/","title":{"rendered":"MAISON DES VINS poubelle"},"content":{"rendered":"<p>[et_pb_section bb_built=&#8221;1&#8243; fullwidth=&#8221;on&#8221; _builder_version=&#8221;3.0.101&#8243; custom_padding=&#8221;|||&#8221; next_background_color=&#8221;#e2d9c9&#8243;][et_pb_fullwidth_code _builder_version=&#8221;3.0.101&#8243; custom_margin=&#8221;||-30px|&#8221; custom_padding=&#8221;|||&#8221;]<div tabindex=\"0\" class=\"cycloneslider cycloneslider-template-standard cycloneslider-width-responsive\" id=\"cycloneslider-slider-page-maison-des-vins-1\" style=\"max-width:3000px\" > <div class=\"cycloneslider-slides cycle-slideshow\" data-cycle-allow-wrap=\"true\" data-cycle-dynamic-height=\"off\" data-cycle-auto-height=\"3000:900\" data-cycle-auto-height-easing=\"null\" data-cycle-auto-height-speed=\"250\" data-cycle-delay=\"0\" data-cycle-easing=\"\" data-cycle-fx=\"fade\" data-cycle-hide-non-active=\"true\" data-cycle-log=\"false\" data-cycle-next=\"#cycloneslider-slider-page-maison-des-vins-1 .cycloneslider-next\" data-cycle-pager=\"#cycloneslider-slider-page-maison-des-vins-1 .cycloneslider-pager\" data-cycle-pause-on-hover=\"true\" data-cycle-prev=\"#cycloneslider-slider-page-maison-des-vins-1 .cycloneslider-prev\" data-cycle-slides=\"&gt; div\" data-cycle-speed=\"1000\" data-cycle-swipe=\"1\" data-cycle-tile-count=\"7\" data-cycle-tile-delay=\"100\" data-cycle-tile-vertical=\"true\" data-cycle-timeout=\"2000\" > <div class=\"cycloneslider-slide cycloneslider-slide-image\" > <img decoding=\"async\" src=\"https:\/\/www.maison-des-vins.fr\/wp-content\/uploads\/2018\/11\/photo-6-2.jpg\" alt=\"\" title=\"\" \/> <\/div> <div class=\"cycloneslider-slide cycloneslider-slide-image\" > <img decoding=\"async\" src=\"https:\/\/www.maison-des-vins.fr\/wp-content\/uploads\/2018\/11\/Photo-10-1.jpg\" alt=\"\" title=\"\" \/> <\/div> <\/div> <\/div>[\/et_pb_fullwidth_code][\/et_pb_section][et_pb_section bb_built=&#8221;1&#8243; background_color=&#8221;#e2d9c9&#8243; _builder_version=&#8221;3.0.101&#8243; background_image=&#8221;https:\/\/www.maison-des-vins.fr\/wp-content\/uploads\/2018\/07\/raisin-trame-3.png&#8221; background_size=&#8221;contain&#8221; background_position=&#8221;bottom_left&#8221; custom_margin=&#8221;|||&#8221; prev_background_color=&#8221;#ffffff&#8221; next_background_color=&#8221;#ffffff&#8221;][et_pb_row custom_margin=&#8221;|||&#8221; _builder_version=&#8221;3.0.101&#8243; background_size=&#8221;initial&#8221; background_position=&#8221;top_left&#8221; background_repeat=&#8221;repeat&#8221;][et_pb_column type=&#8221;4_4&#8243;][et_pb_text _builder_version=&#8221;3.0.101&#8243; custom_margin=&#8221;|||&#8221; animation_style=&#8221;slide&#8221; background_layout=&#8221;light&#8221;]<\/p>\n<h2 style=\"text-align: center;\"><strong>La Maison des Vins C\u00f4tes de Provence,<br \/>\nun lieu singulier pour une exp\u00e9rience UNIQUE<br \/>\n<\/strong><\/h2>\n<p>[\/et_pb_text][et_pb_text _builder_version=&#8221;3.0.101&#8243; custom_margin=&#8221;|||&#8221; animation_style=&#8221;slide&#8221;]<\/p>\n<h2 style=\"text-align: center;\"><strong>L\u2019AMBASSADRICE DE L\u2019AOC C\u00d4TES DE PROVENCE<\/strong><\/h2>\n<p>[\/et_pb_text][\/et_pb_column][\/et_pb_row][et_pb_row custom_margin=&#8221;|||&#8221; _builder_version=&#8221;3.0.101&#8243; background_size=&#8221;initial&#8221; background_position=&#8221;top_left&#8221; background_repeat=&#8221;repeat&#8221;][et_pb_column type=&#8221;4_4&#8243;][et_pb_text _builder_version=&#8221;3.0.101&#8243; custom_margin=&#8221;-30px|100px||100px&#8221; background_layout=&#8221;light&#8221;]<\/p>\n<p style=\"text-align: justify;\"><span style=\"color: #614716;\">Situ\u00e9e au c\u0153ur de l\u2019appellation, aux Arcs sur Argens, la Maison des vins C\u00f4tes de Provence, cr\u00e9\u00e9e en 1986, est l\u2019ambassadrice des vins C\u00f4tes de Provence. V\u00e9ritable porte d\u2019entr\u00e9e du vignoble, elle rassemble 800 r\u00e9f\u00e9rences de vins C\u00f4tes de Provence \u00e0 prix producteur. A cela s\u2019ajoutent des conseils d\u2019experts, 16 vins en d\u00e9gustation gratuite par semaine, des cours d\u2019\u0153nologie, des animations et \u00e9v\u00e9nements autour des vins de l\u2019AOC C\u00f4tes de Provence. La Maison des vins est un magasin de producteurs regroupant plus de 270 producteurs de vins C\u00f4tes de Provence (caves coop\u00e9ratives, maisons de n\u00e9goce &amp; vignerons ind\u00e9pendants). Une \u00e9quipe de professionnels du vin vous accompagne dans la d\u00e9couverte de l\u2019AOC C\u00f4tes de Provence, en fran\u00e7ais, anglais, allemand et n\u00e9erlandais. La Maison des vins C\u00f4tes de Provence s\u2019attache \u00e0 transmettre et valoriser au plus grand nombre les plaisirs de la d\u00e9couverte des vins C\u00f4tes de Provence et de sa consommation raisonn\u00e9e.<\/span><\/p>\n<p>[\/et_pb_text][\/et_pb_column][\/et_pb_row][\/et_pb_section][et_pb_section bb_built=&#8221;1&#8243; background_color=&#8221;#ffffff&#8221; _builder_version=&#8221;3.0.101&#8243; prev_background_color=&#8221;#e2d9c9&#8243; next_background_color=&#8221;#000000&#8243;][et_pb_row custom_margin=&#8221;||-100px|&#8221; _builder_version=&#8221;3.0.101&#8243; background_size=&#8221;initial&#8221; background_position=&#8221;top_left&#8221; background_repeat=&#8221;repeat&#8221;][et_pb_column type=&#8221;4_4&#8243;][et_pb_text _builder_version=&#8221;3.0.101&#8243; text_font=&#8221;||||||||&#8221; text_text_color=&#8221;#c60270&#8243; custom_margin=&#8221;-30px||50px|&#8221; animation_style=&#8221;slide&#8221;]<\/p>\n<h2 style=\"text-align: center;\">NOS ATOUTS<\/h2>\n<p>[\/et_pb_text][\/et_pb_column][\/et_pb_row][\/et_pb_section][et_pb_section bb_built=&#8221;1&#8243; _builder_version=&#8221;3.0.101&#8243; max_width=&#8221;80%&#8221; module_alignment=&#8221;center&#8221; prev_background_color=&#8221;#000000&#8243; next_background_color=&#8221;#e2d9c9&#8243;][et_pb_row make_fullwidth=&#8221;on&#8221; custom_margin=&#8221;-50px||-50px|&#8221; _builder_version=&#8221;3.0.101&#8243; background_size=&#8221;initial&#8221; background_position=&#8221;top_left&#8221; background_repeat=&#8221;repeat&#8221; animation_style=&#8221;slide&#8221;][et_pb_column type=&#8221;1_4&#8243;][et_pb_image src=&#8221;\/wp-content\/uploads\/2018\/04\/accueil-transparent.png&#8221; align=&#8221;center&#8221; _builder_version=&#8221;3.0.101&#8243; custom_margin=&#8221;|||&#8221;]<\/p>\n<p>&nbsp;<\/p>\n<p>[\/et_pb_image][et_pb_text _builder_version=&#8221;3.0.101&#8243; text_font_size=&#8221;16px&#8221; text_text_color=&#8221;#c60270&#8243; background_layout=&#8221;light&#8221;]<\/p>\n<h5 style=\"text-align: center;\">Conseils<br \/>\npersonnalis\u00e9s<\/h5>\n<p>[\/et_pb_text][\/et_pb_column][et_pb_column type=&#8221;1_4&#8243;][et_pb_image src=&#8221;\/wp-content\/uploads\/2018\/04\/r\u00e9f\u00e9rences-transparent.png&#8221; align=&#8221;center&#8221; _builder_version=&#8221;3.0.101&#8243; custom_margin=&#8221;|||&#8221;]<\/p>\n<p>&nbsp;<\/p>\n<p>[\/et_pb_image][et_pb_text _builder_version=&#8221;3.0.101&#8243; text_font_size=&#8221;16px&#8221; text_text_color=&#8221;#c60270&#8243; background_layout=&#8221;light&#8221;]<\/p>\n<h5 style=\"text-align: center;\">800 vins C\u00f4tes de Provence<br \/>\n&amp; Produits Gourmands<\/h5>\n<p>[\/et_pb_text][\/et_pb_column][et_pb_column type=&#8221;1_4&#8243;][et_pb_image src=&#8221;\/wp-content\/uploads\/2018\/04\/d\u00e9gustation-transparent.png&#8221; align=&#8221;center&#8221; _builder_version=&#8221;3.0.101&#8243; custom_margin=&#8221;|||&#8221;]<\/p>\n<p>&nbsp;<\/p>\n<p>[\/et_pb_image][et_pb_text _builder_version=&#8221;3.0.101&#8243; text_font=&#8221;||||||||&#8221; text_font_size=&#8221;16px&#8221; text_text_color=&#8221;#c60270&#8243;]<\/p>\n<h5 style=\"text-align: center;\">D\u00e9gustation<\/h5>\n<p>[\/et_pb_text][\/et_pb_column][et_pb_column type=&#8221;1_4&#8243;][et_pb_image src=&#8221;\/wp-content\/uploads\/2018\/04\/prix-producteur-transparent.png&#8221; align=&#8221;center&#8221; _builder_version=&#8221;3.0.101&#8243; custom_margin=&#8221;|||&#8221;]<\/p>\n<p>&nbsp;<\/p>\n<p>[\/et_pb_image][et_pb_text _builder_version=&#8221;3.0.101&#8243; text_font=&#8221;||||||||&#8221; text_font_size=&#8221;16px&#8221; text_text_color=&#8221;#c60270&#8243;]<\/p>\n<h5 style=\"text-align: center;\">Prix producteurs<\/h5>\n<p>[\/et_pb_text][\/et_pb_column][\/et_pb_row][\/et_pb_section][et_pb_section bb_built=&#8221;1&#8243; background_color=&#8221;#e2d9c9&#8243; _builder_version=&#8221;3.0.101&#8243; prev_background_color=&#8221;#ffffff&#8221;][et_pb_row make_fullwidth=&#8221;on&#8221; custom_margin=&#8221;|||&#8221; _builder_version=&#8221;3.0.101&#8243; background_size=&#8221;initial&#8221; background_position=&#8221;top_left&#8221; background_repeat=&#8221;repeat&#8221; animation_style=&#8221;slide&#8221;][et_pb_column type=&#8221;4_4&#8243;][et_pb_text _builder_version=&#8221;3.0.101&#8243;]<\/p>\n<h2 style=\"text-align: center;\">NOS ACTUALIT\u00c9S<\/h2>\n<p>[\/et_pb_text][\/et_pb_column][\/et_pb_row][et_pb_row custom_padding=&#8221;|||&#8221; custom_margin=&#8221;30px|||&#8221; make_equal=&#8221;on&#8221; _builder_version=&#8221;3.0.101&#8243; background_size=&#8221;initial&#8221; background_position=&#8221;top_left&#8221; background_repeat=&#8221;repeat&#8221; module_alignment=&#8221;center&#8221; animation_style=&#8221;slide&#8221;][et_pb_column type=&#8221;4_4&#8243;][et_pb_blog fullwidth=&#8221;off&#8221; posts_number=&#8221;3&#8243; include_categories=&#8221;5,4,3&#8243; show_more=&#8221;on&#8221; show_author=&#8221;off&#8221; show_comments=&#8221;on&#8221; offset_number=&#8221;0&#8243; _builder_version=&#8221;3.0.101&#8243; header_font=&#8221;||||||||&#8221; header_text_align=&#8221;left&#8221; header_font_size=&#8221;15px&#8221; header_letter_spacing=&#8221;2px&#8221; body_font=&#8221;||||||||&#8221; body_font_size=&#8221;14px&#8221; body_line_height=&#8221;1.2em&#8221; pagination_font_size_tablet=&#8221;51&#8243; pagination_line_height_tablet=&#8221;2&#8243; text_orientation=&#8221;justified&#8221; module_alignment=&#8221;center&#8221; custom_margin=&#8221;|||&#8221; custom_padding=&#8221;0px|0px||0px&#8221;]<\/p>\n<p>&nbsp;<\/p>\n<p>[\/et_pb_blog][\/et_pb_column][\/et_pb_row][\/et_pb_section]<\/p>\n","protected":false},"excerpt":{"rendered":"<p><div tabindex=\"0\" class=\"cycloneslider cycloneslider-template-standard cycloneslider-width-responsive\" id=\"cycloneslider-slider-page-maison-des-vins-2\" style=\"max-width:3000px\" > <div class=\"cycloneslider-slides cycle-slideshow\" data-cycle-allow-wrap=\"true\" data-cycle-dynamic-height=\"off\" data-cycle-auto-height=\"3000:900\" data-cycle-auto-height-easing=\"null\" data-cycle-auto-height-speed=\"250\" data-cycle-delay=\"0\" data-cycle-easing=\"\" data-cycle-fx=\"fade\" data-cycle-hide-non-active=\"true\" data-cycle-log=\"false\" data-cycle-next=\"#cycloneslider-slider-page-maison-des-vins-2 .cycloneslider-next\" data-cycle-pager=\"#cycloneslider-slider-page-maison-des-vins-2 .cycloneslider-pager\" data-cycle-pause-on-hover=\"true\" data-cycle-prev=\"#cycloneslider-slider-page-maison-des-vins-2 .cycloneslider-prev\" data-cycle-slides=\"&gt; div\" data-cycle-speed=\"1000\" data-cycle-swipe=\"1\" data-cycle-tile-count=\"7\" data-cycle-tile-delay=\"100\" data-cycle-tile-vertical=\"true\" data-cycle-timeout=\"2000\" > <div class=\"cycloneslider-slide cycloneslider-slide-image\" > <img decoding=\"async\" src=\"https:\/\/www.maison-des-vins.fr\/wp-content\/uploads\/2018\/11\/photo-6-2.jpg\" alt=\"\" title=\"\" \/> <\/div> <div class=\"cycloneslider-slide cycloneslider-slide-image\" > <img decoding=\"async\" src=\"https:\/\/www.maison-des-vins.fr\/wp-content\/uploads\/2018\/11\/Photo-10-1.jpg\" alt=\"\" title=\"\" \/> <\/div> <\/div> <\/div> La Maison des Vins C\u00f4tes de Provence, un lieu singulier pour une exp\u00e9rience UNIQUE L\u2019AMBASSADRICE DE L\u2019AOC C\u00d4TES DE PROVENCE Situ\u00e9e au c\u0153ur de l\u2019appellation, aux Arcs sur Argens, la Maison des vins C\u00f4tes de Provence, cr\u00e9\u00e9e en 1986, est l\u2019ambassadrice des vins C\u00f4tes de Provence. V\u00e9ritable porte d\u2019entr\u00e9e du vignoble, elle rassemble [&hellip;]<\/p>\n","protected":false},"author":1,"featured_media":0,"parent":0,"menu_order":0,"comment_status":"closed","ping_status":"closed","template":"","meta":{"_acf_changed":false,"_et_pb_use_builder":"on","_et_pb_old_content":"","_et_gb_content_width":"","footnotes":""},"class_list":["post-1659","page","type-page","status-publish","hentry"],"acf":[],"_links":{"self":[{"href":"https:\/\/www.maison-des-vins.fr\/en\/wp-json\/wp\/v2\/pages\/1659","targetHints":{"allow":["GET"]}}],"collection":[{"href":"https:\/\/www.maison-des-vins.fr\/en\/wp-json\/wp\/v2\/pages"}],"about":[{"href":"https:\/\/www.maison-des-vins.fr\/en\/wp-json\/wp\/v2\/types\/page"}],"author":[{"embeddable":true,"href":"https:\/\/www.maison-des-vins.fr\/en\/wp-json\/wp\/v2\/users\/1"}],"replies":[{"embeddable":true,"href":"https:\/\/www.maison-des-vins.fr\/en\/wp-json\/wp\/v2\/comments?post=1659"}],"version-history":[{"count":1,"href":"https:\/\/www.maison-des-vins.fr\/en\/wp-json\/wp\/v2\/pages\/1659\/revisions"}],"predecessor-version":[{"id":1802,"href":"https:\/\/www.maison-des-vins.fr\/en\/wp-json\/wp\/v2\/pages\/1659\/revisions\/1802"}],"wp:attachment":[{"href":"https:\/\/www.maison-des-vins.fr\/en\/wp-json\/wp\/v2\/media?parent=1659"}],"curies":[{"name":"wp","href":"https:\/\/api.w.org\/{rel}","templated":true}]}}